{"id":6,"date":"2017-05-12T13:27:33","date_gmt":"2017-05-12T13:27:33","guid":{"rendered":"http:\/\/www.if-ranchle.de\/?page_id=6"},"modified":"2022-12-02T15:17:53","modified_gmt":"2022-12-02T15:17:53","slug":"training","status":"publish","type":"page","link":"https:\/\/www.if-ranchle.de\/?page_id=6","title":{"rendered":"Training"},"content":{"rendered":"<p align=\"left\">Sechs unserer Pferde &#8212; u. a. Camarguepferde, Lewitzer-Pony und Quarab &#8212; k\u00f6nnen als Lehrpferde eingesetzt werden. Die Pferde sind <strong>kompakt, gutm\u00fctig<\/strong> und <strong>trittsicher.<\/strong><\/p>\n<p align=\"left\">Wir reiten freizeitm\u00e4\u00dfig nach der <strong>Westernreitweise<\/strong>, teilweise auch mit Methoden anderer Reitweisen &#8212; auf die jeweiligen W\u00fcnsche und Erfordernisse von Reiter und Pferd angepasst. Geritten wird mit Torsion (baumloser Leichtsattel) oder Westernsattel. Letzterer ist relativ schwer, verteilt aber das Reitergewicht gut auf dem Pferdr\u00fccken. Bevorzugt reiten wir gebisslos und ohne Hufeisen.<\/p>\n<p align=\"left\"><img loading=\"lazy\" decoding=\"async\" class=\"alignnone size-full wp-image-133\" src=\"http:\/\/www.if-ranchle.de\/wp-content\/uploads\/2017\/05\/unterricht3-1.jpg\" alt=\"\" width=\"800\" height=\"444\" srcset=\"https:\/\/www.if-ranchle.de\/wp-content\/uploads\/2017\/05\/unterricht3-1.jpg 800w, https:\/\/www.if-ranchle.de\/wp-content\/uploads\/2017\/05\/unterricht3-1-300x167.jpg 300w, https:\/\/www.if-ranchle.de\/wp-content\/uploads\/2017\/05\/unterricht3-1-768x426.jpg 768w\" sizes=\"auto, (max-width: 800px) 100vw, 800px\" \/><\/p>\n<p align=\"left\">Die Zuverl\u00e4ssigkeit unserer Pferde erm\u00f6glicht es auch (Sp\u00e4t)-Einsteigern, einen <strong>angstfreien, vertrauensvollen Zugang<\/strong> zum Umgang mit dem Tier und zum Reiten zu finden. Menschen mit <strong>Behinderungen<\/strong> sind ebenfalls willkommen und finden in unseren Pferden gute Freunde.<\/p>\n<p align=\"left\"><strong>Fortgeschrittene <\/strong>f\u00f6rdern wir individuell nach <strong>Leistungsstand und Ziel <\/strong>in Einzelstunden oder kleinen Gruppen.<\/p>\n<p align=\"left\"><img loading=\"lazy\" decoding=\"async\" class=\"alignnone size-full wp-image-88\" src=\"http:\/\/www.if-ranchle.de\/wp-content\/uploads\/2017\/05\/ausritt.jpg\" alt=\"\" width=\"800\" height=\"549\" srcset=\"https:\/\/www.if-ranchle.de\/wp-content\/uploads\/2017\/05\/ausritt.jpg 800w, https:\/\/www.if-ranchle.de\/wp-content\/uploads\/2017\/05\/ausritt-300x206.jpg 300w, https:\/\/www.if-ranchle.de\/wp-content\/uploads\/2017\/05\/ausritt-768x527.jpg 768w\" sizes=\"auto, (max-width: 800px) 100vw, 800px\" \/><\/p>\n<p align=\"left\">Im Moment gibt es f\u00fcr die J\u00fcngeren (3-10 Jahre) zwei <strong>Kindervoltigiergruppen<\/strong> (1 Stunde\/4 Kinder) mit Einf\u00fchrung in den Umgang mit dem Pferd und \u00dcbungen auf einem longierten Pferd.<\/p>\n<p>Zu unseren besondern Angeboten geh\u00f6ren unsere beliebten zweit\u00e4gigen\u00a0<strong>Reitkurse<\/strong>. Diese finden nach Bedarf mindestens zweimal im Jahr statt. Themen sind beispielsweise Anf\u00e4ngerreitkurs, Erziehen und Einreiten junger Pferde, Trailkurs usw.<\/p>\n<hr \/>\n<p align=\"left\"><strong>Preise<\/strong><\/p>\n<p align=\"left\"><strong>Reitstunde: <\/strong>30 Min. 1-2 Personen,\u00a0 45 Min. 3-4 Personen o. 60 Min. 5-6 Personen<br \/>\nJugendliche: 20,00 \u20ac<br \/>\nErwachsene: 26,00 \u20ac<br \/>\n10er-Karte Jugendliche: 180,00 \u20ac<br \/>\n10er-Karte Erwachsene: 240,00 \u20ac<\/p>\n<p align=\"left\"><strong>Kindervoltigieren<\/strong>: 11 \u20ac<br \/>\n10er-Karte Voltigieren: 100,00 \u20ac<\/p>\n<p align=\"left\"><strong>Fun Camp<\/strong>, 2 Tage (9:30 Uhr bis 16:30 Uhr): 99,00 \u20ac<br \/>\n<strong>Fun Camp<\/strong>, 3 Tage (9:00 Uhr bis 14:00 Uhr): 110,00 \u20ac<\/p>\n<p align=\"left\">Weiteres nach Absprache.<\/p>\n","protected":false},"excerpt":{"rendered":"<p>Sechs unserer Pferde &#8212; u. a. Camarguepferde, Lewitzer-Pony und Quarab &#8212; k\u00f6nnen als Lehrpferde eingesetzt werden. Die Pferde sind kompakt, gutm\u00fctig und trittsicher. Wir reiten freizeitm\u00e4\u00dfig nach der Westernreitweise, teilweise auch mit Methoden anderer Reitweisen &#8212; auf die jeweiligen W\u00fcnsche<\/p>\n","protected":false},"author":1,"featured_media":0,"parent":0,"menu_order":0,"comment_status":"closed","ping_status":"closed","template":"","meta":{"footnotes":""},"class_list":["post-6","page","type-page","status-publish","hentry"],"_links":{"self":[{"href":"https:\/\/www.if-ranchle.de\/index.php?rest_route=\/wp\/v2\/pages\/6","targetHints":{"allow":["GET"]}}],"collection":[{"href":"https:\/\/www.if-ranchle.de\/index.php?rest_route=\/wp\/v2\/pages"}],"about":[{"href":"https:\/\/www.if-ranchle.de\/index.php?rest_route=\/wp\/v2\/types\/page"}],"author":[{"embeddable":true,"href":"https:\/\/www.if-ranchle.de\/index.php?rest_route=\/wp\/v2\/users\/1"}],"replies":[{"embeddable":true,"href":"https:\/\/www.if-ranchle.de\/index.php?rest_route=%2Fwp%2Fv2%2Fcomments&post=6"}],"version-history":[{"count":15,"href":"https:\/\/www.if-ranchle.de\/index.php?rest_route=\/wp\/v2\/pages\/6\/revisions"}],"predecessor-version":[{"id":256,"href":"https:\/\/www.if-ranchle.de\/index.php?rest_route=\/wp\/v2\/pages\/6\/revisions\/256"}],"wp:attachment":[{"href":"https:\/\/www.if-ranchle.de\/index.php?rest_route=%2Fwp%2Fv2%2Fmedia&parent=6"}],"curies":[{"name":"wp","href":"https:\/\/api.w.org\/{rel}","templated":true}]}}