{"id":4,"date":"2017-05-12T13:27:00","date_gmt":"2017-05-12T13:27:00","guid":{"rendered":"http:\/\/www.if-ranchle.de\/?page_id=4"},"modified":"2017-05-12T17:05:51","modified_gmt":"2017-05-12T17:05:51","slug":"willkommen","status":"publish","type":"page","link":"https:\/\/www.if-ranchle.de\/","title":{"rendered":"Das IF Ranchle"},"content":{"rendered":"<p align=\"left\">Auf dem IF Ranchle setzen wir uns f\u00fcr artgerechte Pferdehaltung und pferdefreundliches, westernm\u00e4\u00dfiges Reiten ein. Unser Hof hat einen ganz privaten Charakter in l\u00e4ndlicher Idylle des sch\u00f6nen Naturparks &#8222;Schw\u00e4bisch-Fr\u00e4nkischer Wald&#8220;.<\/p>\n<p align=\"left\">Erleben Sie eine Welt ohne Zwang und Hektik auf unseren zuverl\u00e4ssigen Westernpferden!<\/p>\n<p align=\"left\">Die Pferde leben in Gruppenhaltung, im Winter in Offenstallen mit Auslauf und t\u00e4glichem Weidegang, im Sommer 24 Stunden auf der Weide mit fliegengesch\u00fctzten Unterst\u00e4nden.<\/p>\n<p align=\"left\"><img loading=\"lazy\" decoding=\"async\" class=\"alignnone size-full wp-image-68\" src=\"http:\/\/www.if-ranchle.de\/wp-content\/uploads\/2017\/05\/start2.jpg\" alt=\"\" width=\"800\" height=\"600\" srcset=\"https:\/\/www.if-ranchle.de\/wp-content\/uploads\/2017\/05\/start2.jpg 800w, https:\/\/www.if-ranchle.de\/wp-content\/uploads\/2017\/05\/start2-300x225.jpg 300w, https:\/\/www.if-ranchle.de\/wp-content\/uploads\/2017\/05\/start2-768x576.jpg 768w\" sizes=\"auto, (max-width: 800px) 100vw, 800px\" \/><\/p>\n<p align=\"left\">Auf den n\u00e4chsten Seiten finden Sie eine \u00dcbersicht \u00fcber unsere vielseitigen Angebote f\u00fcr Reiteinsteiger und Fortgeschrittene.<\/p>\n<p align=\"left\">Wir freuen uns auf Ihren Besuch!<\/p>\n<div id=\"bildlinks\"><img loading=\"lazy\" decoding=\"async\" class=\"alignnone size-full wp-image-73\" src=\"http:\/\/www.if-ranchle.de\/wp-content\/uploads\/2017\/05\/weide5.jpg\" alt=\"\" width=\"800\" height=\"450\" srcset=\"https:\/\/www.if-ranchle.de\/wp-content\/uploads\/2017\/05\/weide5.jpg 800w, https:\/\/www.if-ranchle.de\/wp-content\/uploads\/2017\/05\/weide5-300x169.jpg 300w, https:\/\/www.if-ranchle.de\/wp-content\/uploads\/2017\/05\/weide5-768x432.jpg 768w\" sizes=\"auto, (max-width: 800px) 100vw, 800px\" \/><\/div>\n<p>&nbsp;<\/p>\n","protected":false},"excerpt":{"rendered":"<p>Auf dem IF Ranchle setzen wir uns f\u00fcr artgerechte Pferdehaltung und pferdefreundliches, westernm\u00e4\u00dfiges Reiten ein. Unser Hof hat einen ganz privaten Charakter in l\u00e4ndlicher Idylle des sch\u00f6nen Naturparks &#8222;Schw\u00e4bisch-Fr\u00e4nkischer Wald&#8220;. Erleben Sie eine Welt ohne Zwang und Hektik auf unseren<\/p>\n","protected":false},"author":1,"featured_media":0,"parent":0,"menu_order":0,"comment_status":"closed","ping_status":"closed","template":"full-width-page-template.php","meta":{"footnotes":""},"class_list":["post-4","page","type-page","status-publish","hentry"],"_links":{"self":[{"href":"https:\/\/www.if-ranchle.de\/index.php?rest_route=\/wp\/v2\/pages\/4","targetHints":{"allow":["GET"]}}],"collection":[{"href":"https:\/\/www.if-ranchle.de\/index.php?rest_route=\/wp\/v2\/pages"}],"about":[{"href":"https:\/\/www.if-ranchle.de\/index.php?rest_route=\/wp\/v2\/types\/page"}],"author":[{"embeddable":true,"href":"https:\/\/www.if-ranchle.de\/index.php?rest_route=\/wp\/v2\/users\/1"}],"replies":[{"embeddable":true,"href":"https:\/\/www.if-ranchle.de\/index.php?rest_route=%2Fwp%2Fv2%2Fcomments&post=4"}],"version-history":[{"count":10,"href":"https:\/\/www.if-ranchle.de\/index.php?rest_route=\/wp\/v2\/pages\/4\/revisions"}],"predecessor-version":[{"id":74,"href":"https:\/\/www.if-ranchle.de\/index.php?rest_route=\/wp\/v2\/pages\/4\/revisions\/74"}],"wp:attachment":[{"href":"https:\/\/www.if-ranchle.de\/index.php?rest_route=%2Fwp%2Fv2%2Fmedia&parent=4"}],"curies":[{"name":"wp","href":"https:\/\/api.w.org\/{rel}","templated":true}]}}