{"id":14,"date":"2017-05-12T13:29:18","date_gmt":"2017-05-12T13:29:18","guid":{"rendered":"http:\/\/www.if-ranchle.de\/?page_id=14"},"modified":"2018-12-27T18:08:12","modified_gmt":"2018-12-27T18:08:12","slug":"caren","status":"publish","type":"page","link":"https:\/\/www.if-ranchle.de\/?page_id=14","title":{"rendered":"Caren"},"content":{"rendered":"<p align=\"left\">Verantwortliche Reitlehrerin bin ich, Caren Birk.<\/p>\n<p align=\"left\">Ich bin FN-gepr\u00fcfte Pferdewirtschaftsmeisterin Pferdezucht und -haltung mit \u00fcber 30j\u00e4hriger Reiterfahrung. Ich arbeitete zwei Jahre lang bei einem Pferdetierarzt und wurde anschlie\u00dfend zwei Jahre lang an einer Westernreitschule (Rawhide Vocational College, Kalifornien\/USA) ausgebildet.<\/p>\n<p align=\"left\">Von dort stammte auch mein erstes Pferd, das Quarter Horse Chubs Bonanza, genannt &#8222;Ricky&#8220;. Ich hatte ihn als J\u00e4hrling gekauft und mit nach Deutschland gebracht. Auf diesem Foto bin ich mit der jetzt 29 Jahre alten Bis\u00f6ne bei einer Veranstaltung. Sie ist noch in der Camargue geboren, wurde von mir eingeritten und ist immer noch ein fittes, leistungsbereites Schulpferd bei uns.<\/p>\n<p align=\"left\"><img loading=\"lazy\" decoding=\"async\" class=\"alignnone size-full wp-image-56\" src=\"http:\/\/www.if-ranchle.de\/wp-content\/uploads\/2017\/05\/caren.jpg\" alt=\"\" width=\"716\" height=\"800\" srcset=\"https:\/\/www.if-ranchle.de\/wp-content\/uploads\/2017\/05\/caren.jpg 716w, https:\/\/www.if-ranchle.de\/wp-content\/uploads\/2017\/05\/caren-269x300.jpg 269w\" sizes=\"auto, (max-width: 716px) 100vw, 716px\" \/><\/p>\n<p align=\"left\">\n","protected":false},"excerpt":{"rendered":"<p>Verantwortliche Reitlehrerin bin ich, Caren Birk. Ich bin FN-gepr\u00fcfte Pferdewirtschaftsmeisterin Pferdezucht und -haltung mit \u00fcber 30j\u00e4hriger Reiterfahrung. Ich arbeitete zwei Jahre lang bei einem Pferdetierarzt und wurde anschlie\u00dfend zwei Jahre lang an einer Westernreitschule (Rawhide Vocational College, Kalifornien\/USA) ausgebildet. Von<\/p>\n","protected":false},"author":1,"featured_media":0,"parent":0,"menu_order":0,"comment_status":"closed","ping_status":"closed","template":"","meta":{"footnotes":""},"class_list":["post-14","page","type-page","status-publish","hentry"],"_links":{"self":[{"href":"https:\/\/www.if-ranchle.de\/index.php?rest_route=\/wp\/v2\/pages\/14","targetHints":{"allow":["GET"]}}],"collection":[{"href":"https:\/\/www.if-ranchle.de\/index.php?rest_route=\/wp\/v2\/pages"}],"about":[{"href":"https:\/\/www.if-ranchle.de\/index.php?rest_route=\/wp\/v2\/types\/page"}],"author":[{"embeddable":true,"href":"https:\/\/www.if-ranchle.de\/index.php?rest_route=\/wp\/v2\/users\/1"}],"replies":[{"embeddable":true,"href":"https:\/\/www.if-ranchle.de\/index.php?rest_route=%2Fwp%2Fv2%2Fcomments&post=14"}],"version-history":[{"count":7,"href":"https:\/\/www.if-ranchle.de\/index.php?rest_route=\/wp\/v2\/pages\/14\/revisions"}],"predecessor-version":[{"id":242,"href":"https:\/\/www.if-ranchle.de\/index.php?rest_route=\/wp\/v2\/pages\/14\/revisions\/242"}],"wp:attachment":[{"href":"https:\/\/www.if-ranchle.de\/index.php?rest_route=%2Fwp%2Fv2%2Fmedia&parent=14"}],"curies":[{"name":"wp","href":"https:\/\/api.w.org\/{rel}","templated":true}]}}