{"id":12,"date":"2017-05-12T13:28:38","date_gmt":"2017-05-12T13:28:38","guid":{"rendered":"http:\/\/www.if-ranchle.de\/?page_id=12"},"modified":"2017-05-12T15:53:54","modified_gmt":"2017-05-12T15:53:54","slug":"showtime","status":"publish","type":"page","link":"http:\/\/www.if-ranchle.de\/?page_id=12","title":{"rendered":"Showtime"},"content":{"rendered":"<p align=\"left\">Bereichern Sie auch Ihre Veranstaltung durch eine kleine Einlage voll Witz und Charme!<\/p>\n<p align=\"left\">Unsere Show mit Pferden und Hunden eignet sich f\u00fcr das Zwischenprogramm auf Turnieren, f\u00fcr Vorf\u00fchrungen auf Messen, Jubil\u00e4umsveranstaltungen und vieles mehr.<\/p>\n<p align=\"left\">\n<p align=\"left\"><strong>Preise<\/strong> auf Anfrage.<\/p>\n<p align=\"left\"><img loading=\"lazy\" decoding=\"async\" class=\"alignnone size-full wp-image-61\" src=\"http:\/\/www.if-ranchle.de\/wp-content\/uploads\/2017\/05\/show.jpg\" alt=\"\" width=\"800\" height=\"628\" srcset=\"http:\/\/www.if-ranchle.de\/wp-content\/uploads\/2017\/05\/show.jpg 800w, http:\/\/www.if-ranchle.de\/wp-content\/uploads\/2017\/05\/show-300x236.jpg 300w, http:\/\/www.if-ranchle.de\/wp-content\/uploads\/2017\/05\/show-768x603.jpg 768w\" sizes=\"auto, (max-width: 800px) 100vw, 800px\" \/><\/p>\n","protected":false},"excerpt":{"rendered":"<p>Bereichern Sie auch Ihre Veranstaltung durch eine kleine Einlage voll Witz und Charme! Unsere Show mit Pferden und Hunden eignet sich f\u00fcr das Zwischenprogramm auf Turnieren, f\u00fcr Vorf\u00fchrungen auf Messen, Jubil\u00e4umsveranstaltungen und vieles mehr. Preise auf Anfrage.<\/p>\n","protected":false},"author":1,"featured_media":0,"parent":0,"menu_order":0,"comment_status":"closed","ping_status":"closed","template":"","meta":{"footnotes":""},"class_list":["post-12","page","type-page","status-publish","hentry"],"_links":{"self":[{"href":"http:\/\/www.if-ranchle.de\/index.php?rest_route=\/wp\/v2\/pages\/12","targetHints":{"allow":["GET"]}}],"collection":[{"href":"http:\/\/www.if-ranchle.de\/index.php?rest_route=\/wp\/v2\/pages"}],"about":[{"href":"http:\/\/www.if-ranchle.de\/index.php?rest_route=\/wp\/v2\/types\/page"}],"author":[{"embeddable":true,"href":"http:\/\/www.if-ranchle.de\/index.php?rest_route=\/wp\/v2\/users\/1"}],"replies":[{"embeddable":true,"href":"http:\/\/www.if-ranchle.de\/index.php?rest_route=%2Fwp%2Fv2%2Fcomments&post=12"}],"version-history":[{"count":3,"href":"http:\/\/www.if-ranchle.de\/index.php?rest_route=\/wp\/v2\/pages\/12\/revisions"}],"predecessor-version":[{"id":62,"href":"http:\/\/www.if-ranchle.de\/index.php?rest_route=\/wp\/v2\/pages\/12\/revisions\/62"}],"wp:attachment":[{"href":"http:\/\/www.if-ranchle.de\/index.php?rest_route=%2Fwp%2Fv2%2Fmedia&parent=12"}],"curies":[{"name":"wp","href":"https:\/\/api.w.org\/{rel}","templated":true}]}}