{"id":10,"date":"2017-05-12T13:28:21","date_gmt":"2017-05-12T13:28:21","guid":{"rendered":"http:\/\/www.if-ranchle.de\/?page_id=10"},"modified":"2022-12-02T15:18:32","modified_gmt":"2022-12-02T15:18:32","slug":"veranstaltungen","status":"publish","type":"page","link":"http:\/\/www.if-ranchle.de\/?page_id=10","title":{"rendered":"Veranstaltungen"},"content":{"rendered":"<p align=\"left\">Jedes Jahr findet auf dem IF Ranchle ein <strong>Hausturnier<\/strong> f\u00fcr unsere Reitsch\u00fclerInnen statt. Auch Sch\u00fclerInnen von ausw\u00e4rts k\u00f6nnen starten, da ich auch als fahrende Reitlehrerin, haupts\u00e4chlich Mittwoch und Samstag Nachmittag, an anderen H\u00f6fen unterrichte.<\/p>\n<p align=\"left\"><img loading=\"lazy\" decoding=\"async\" class=\"alignnone size-full wp-image-87\" src=\"http:\/\/www.if-ranchle.de\/wp-content\/uploads\/2017\/05\/turnier1.jpg\" alt=\"\" width=\"800\" height=\"600\" srcset=\"http:\/\/www.if-ranchle.de\/wp-content\/uploads\/2017\/05\/turnier1.jpg 800w, http:\/\/www.if-ranchle.de\/wp-content\/uploads\/2017\/05\/turnier1-300x225.jpg 300w, http:\/\/www.if-ranchle.de\/wp-content\/uploads\/2017\/05\/turnier1-768x576.jpg 768w\" sizes=\"auto, (max-width: 800px) 100vw, 800px\" \/><\/p>\n<p align=\"left\">Im Herbst organisieren wir nun schon seit 20 Jahren eine\u00a0<strong>Pferderallye.<\/strong> Das ist ein zirka dreist\u00fcndiger Gel\u00e4nderitt mit Aufgabenstationen und Fragen mit abschlie\u00dfendem Geschicklichkeitsparcours auf dem Reitplatz.<\/p>\n<p align=\"left\"><img loading=\"lazy\" decoding=\"async\" class=\"alignnone size-full wp-image-85\" src=\"http:\/\/www.if-ranchle.de\/wp-content\/uploads\/2017\/05\/unterricht2.jpg\" alt=\"\" width=\"800\" height=\"600\" srcset=\"http:\/\/www.if-ranchle.de\/wp-content\/uploads\/2017\/05\/unterricht2.jpg 800w, http:\/\/www.if-ranchle.de\/wp-content\/uploads\/2017\/05\/unterricht2-300x225.jpg 300w, http:\/\/www.if-ranchle.de\/wp-content\/uploads\/2017\/05\/unterricht2-768x576.jpg 768w\" sizes=\"auto, (max-width: 800px) 100vw, 800px\" \/><\/p>\n<p align=\"left\"><strong>Zwei- bis Drei-Stunden-Ausritte<\/strong> mit Lehr- und Privatpferden und zwei zweit\u00e4gige <strong>Wanderritte<\/strong> im sch\u00f6nen Naturpark Welzheimer Wald zweimal im Jahr runden das Programm ab &#8230;<\/p>\n<p align=\"left\"><img loading=\"lazy\" decoding=\"async\" class=\"alignnone size-full wp-image-77\" src=\"http:\/\/www.if-ranchle.de\/wp-content\/uploads\/2017\/05\/landschaft.jpg\" alt=\"\" width=\"800\" height=\"600\" srcset=\"http:\/\/www.if-ranchle.de\/wp-content\/uploads\/2017\/05\/landschaft.jpg 800w, http:\/\/www.if-ranchle.de\/wp-content\/uploads\/2017\/05\/landschaft-300x225.jpg 300w, http:\/\/www.if-ranchle.de\/wp-content\/uploads\/2017\/05\/landschaft-768x576.jpg 768w\" sizes=\"auto, (max-width: 800px) 100vw, 800px\" \/><\/p>\n<p align=\"left\">Fragen Sie nach unseren aktuellen Terminen! Auf Wunsch schicken wir Ihnen diese auch zweimal im Jahr zu.<\/p>\n<hr \/>\n","protected":false},"excerpt":{"rendered":"<p>Jedes Jahr findet auf dem IF Ranchle ein Hausturnier f\u00fcr unsere Reitsch\u00fclerInnen statt. Auch Sch\u00fclerInnen von ausw\u00e4rts k\u00f6nnen starten, da ich auch als fahrende Reitlehrerin, haupts\u00e4chlich Mittwoch und Samstag Nachmittag, an anderen H\u00f6fen unterrichte. Im Herbst organisieren wir nun schon<\/p>\n","protected":false},"author":1,"featured_media":0,"parent":0,"menu_order":0,"comment_status":"closed","ping_status":"closed","template":"","meta":{"footnotes":""},"class_list":["post-10","page","type-page","status-publish","hentry"],"_links":{"self":[{"href":"http:\/\/www.if-ranchle.de\/index.php?rest_route=\/wp\/v2\/pages\/10","targetHints":{"allow":["GET"]}}],"collection":[{"href":"http:\/\/www.if-ranchle.de\/index.php?rest_route=\/wp\/v2\/pages"}],"about":[{"href":"http:\/\/www.if-ranchle.de\/index.php?rest_route=\/wp\/v2\/types\/page"}],"author":[{"embeddable":true,"href":"http:\/\/www.if-ranchle.de\/index.php?rest_route=\/wp\/v2\/users\/1"}],"replies":[{"embeddable":true,"href":"http:\/\/www.if-ranchle.de\/index.php?rest_route=%2Fwp%2Fv2%2Fcomments&post=10"}],"version-history":[{"count":11,"href":"http:\/\/www.if-ranchle.de\/index.php?rest_route=\/wp\/v2\/pages\/10\/revisions"}],"predecessor-version":[{"id":257,"href":"http:\/\/www.if-ranchle.de\/index.php?rest_route=\/wp\/v2\/pages\/10\/revisions\/257"}],"wp:attachment":[{"href":"http:\/\/www.if-ranchle.de\/index.php?rest_route=%2Fwp%2Fv2%2Fmedia&parent=10"}],"curies":[{"name":"wp","href":"https:\/\/api.w.org\/{rel}","templated":true}]}}